{"id":1119,"date":"2023-05-11T10:28:30","date_gmt":"2023-05-11T09:28:30","guid":{"rendered":"https:\/\/qmade.usal.es\/?page_id=1119"},"modified":"2025-12-22T13:54:39","modified_gmt":"2025-12-22T12:54:39","slug":"people","status":"publish","type":"page","link":"https:\/\/qmade.usal.es\/?page_id=1119","title":{"rendered":"<!-- People -->"},"content":{"rendered":"<h4>\u00a0<\/h4>\r\n<table style=\"border-collapse: collapse; width: 100%;\">\r\n<tbody>\r\n<tr>\r\n<td style=\"width: 100%;\">\r\n<h4 class=\"wp-block-heading\"><strong>PRINCIPAL INVESTIGATOR:<\/strong><\/h4>\r\n<p><img loading=\"lazy\" decoding=\"async\" class=\"alignnone  wp-image-1522\" src=\"https:\/\/qmade.usal.es\/wp-content\/uploads\/sites\/36\/2023\/07\/Jose-214x300.png\" alt=\"\" width=\"180\" height=\"252\" srcset=\"https:\/\/qmade.usal.es\/wp-content\/uploads\/sites\/36\/2023\/07\/Jose-214x300.png 214w, https:\/\/qmade.usal.es\/wp-content\/uploads\/sites\/36\/2023\/07\/Jose-731x1024.png 731w, https:\/\/qmade.usal.es\/wp-content\/uploads\/sites\/36\/2023\/07\/Jose-768x1075.png 768w, https:\/\/qmade.usal.es\/wp-content\/uploads\/sites\/36\/2023\/07\/Jose-1097x1536.png 1097w, https:\/\/qmade.usal.es\/wp-content\/uploads\/sites\/36\/2023\/07\/Jose.png 1417w\" sizes=\"auto, (max-width: 180px) 85vw, 180px\" \/>\u00a0 \u00a0 \u00a0 \u00a0 \u00a0 \u00a0 \u00a0 \u00a0 \u00a0 \u00a0 \u00a0 \u00a0 \u00a0 \u00a0 \u00a0 \u00a0 \u00a0 \u00a0 \u00a0 \u00a0 \u00a0 \u00a0 \u00a0 \u00a0 \u00a0 Jos\u00e9 M. Caridad\u00a0 \u00a0 \u00a0 <a href=\"mailto:jose.caridad@usal.es\">jose.caridad@usal.es<\/a><\/p>\r\n<\/td>\r\n<\/tr>\r\n<\/tbody>\r\n<\/table>\r\n<p>&nbsp;<\/p>\r\n<table style=\"border-collapse: collapse; width: 100%;\">\r\n<tbody>\r\n<tr>\r\n<td style=\"width: 100%;\">\r\n<h4 class=\"wp-block-heading\"><strong>POSTDOCTORAL RESEARCHERS:<\/strong><\/h4>\r\n<p><img loading=\"lazy\" decoding=\"async\" class=\"alignnone  wp-image-1669\" src=\"https:\/\/qmade.usal.es\/wp-content\/uploads\/sites\/36\/2025\/12\/juan-225x300.jpg\" alt=\"\" width=\"183\" height=\"244\" srcset=\"https:\/\/qmade.usal.es\/wp-content\/uploads\/sites\/36\/2025\/12\/juan-225x300.jpg 225w, https:\/\/qmade.usal.es\/wp-content\/uploads\/sites\/36\/2025\/12\/juan-768x1024.jpg 768w, https:\/\/qmade.usal.es\/wp-content\/uploads\/sites\/36\/2025\/12\/juan-1152x1536.jpg 1152w, https:\/\/qmade.usal.es\/wp-content\/uploads\/sites\/36\/2025\/12\/juan-1536x2048.jpg 1536w, https:\/\/qmade.usal.es\/wp-content\/uploads\/sites\/36\/2025\/12\/juan-1200x1600.jpg 1200w, https:\/\/qmade.usal.es\/wp-content\/uploads\/sites\/36\/2025\/12\/juan-scaled.jpg 1920w\" sizes=\"auto, (max-width: 183px) 85vw, 183px\" \/>\u00a0 \u00a0 \u00a0 \u00a0 \u00a0 \u00a0 \u00a0 \u00a0 \u00a0 \u00a0 \u00a0 \u00a0 \u00a0 \u00a0 \u00a0 \u00a0 \u00a0 \u00a0 \u00a0 \u00a0 \u00a0 \u00a0 \u00a0 \u00a0 Juan Salvador\u00a0 \u00a0 \u00a0<a href=\"mailto:juan2s@usal.es\">juan2s@usal.es<\/a><\/p>\r\n<\/td>\r\n<\/tr>\r\n<tr>\r\n<td style=\"width: 100%;\"><img loading=\"lazy\" decoding=\"async\" class=\"alignnone  wp-image-1695\" src=\"https:\/\/qmade.usal.es\/wp-content\/uploads\/sites\/36\/2025\/12\/Sylwia-214x300.jpg\" alt=\"\" width=\"180\" height=\"252\" srcset=\"https:\/\/qmade.usal.es\/wp-content\/uploads\/sites\/36\/2025\/12\/Sylwia-214x300.jpg 214w, https:\/\/qmade.usal.es\/wp-content\/uploads\/sites\/36\/2025\/12\/Sylwia-731x1024.jpg 731w, https:\/\/qmade.usal.es\/wp-content\/uploads\/sites\/36\/2025\/12\/Sylwia-768x1075.jpg 768w, https:\/\/qmade.usal.es\/wp-content\/uploads\/sites\/36\/2025\/12\/Sylwia-1097x1536.jpg 1097w, https:\/\/qmade.usal.es\/wp-content\/uploads\/sites\/36\/2025\/12\/Sylwia-1200x1680.jpg 1200w, https:\/\/qmade.usal.es\/wp-content\/uploads\/sites\/36\/2025\/12\/Sylwia.jpg 1417w\" sizes=\"auto, (max-width: 180px) 85vw, 180px\" \/>\u00a0 \u00a0 \u00a0 \u00a0 \u00a0 \u00a0 \u00a0 \u00a0 \u00a0 \u00a0 \u00a0 \u00a0 \u00a0 \u00a0 \u00a0 \u00a0 \u00a0 \u00a0 \u00a0 \u00a0 \u00a0 \u00a0 \u00a0 \u00a0Sylwia Parzyszek\u00a0 \u00a0 \u00a0 <a href=\"mailto:sparzyszek@usal.es\">sparzyszek@usal.es<\/a>\u00a0<\/td>\r\n<\/tr>\r\n<\/tbody>\r\n<\/table>\r\n<p>&nbsp;<\/p>\r\n<table style=\"border-collapse: collapse; width: 100%;\">\r\n<tbody>\r\n<tr>\r\n<td style=\"width: 100%;\">\r\n<h4 class=\"wp-block-heading\">PHD STUDENTS:<\/h4>\r\n<p><img loading=\"lazy\" decoding=\"async\" class=\"alignnone  wp-image-1510\" src=\"https:\/\/qmade.usal.es\/wp-content\/uploads\/sites\/36\/2023\/07\/Oscar-214x300.png\" alt=\"\" width=\"174\" height=\"244\" srcset=\"https:\/\/qmade.usal.es\/wp-content\/uploads\/sites\/36\/2023\/07\/Oscar-214x300.png 214w, https:\/\/qmade.usal.es\/wp-content\/uploads\/sites\/36\/2023\/07\/Oscar-731x1024.png 731w, https:\/\/qmade.usal.es\/wp-content\/uploads\/sites\/36\/2023\/07\/Oscar-768x1075.png 768w, https:\/\/qmade.usal.es\/wp-content\/uploads\/sites\/36\/2023\/07\/Oscar-1097x1536.png 1097w, https:\/\/qmade.usal.es\/wp-content\/uploads\/sites\/36\/2023\/07\/Oscar-1200x1680.png 1200w, https:\/\/qmade.usal.es\/wp-content\/uploads\/sites\/36\/2023\/07\/Oscar.png 1417w\" sizes=\"auto, (max-width: 174px) 85vw, 174px\" \/>\u00a0 \u00a0 \u00a0 \u00a0 \u00a0 \u00a0 \u00a0 \u00a0 \u00a0 \u00a0 \u00a0 \u00a0 \u00a0 \u00a0 \u00a0 \u00a0 \u00a0 \u00a0 \u00a0 \u00a0 \u00a0 \u00a0 \u00a0 \u00a0 \u00a0\u00d3scar Castell\u00f3 \u00a0\u00a0 \u00a0\u00a0 \u00a0<a href=\"mailto:oscar.castellonieto@usal.es\" target=\"_blank\" rel=\"noopener\">oscar.castellonieto@usal.<wbr \/>es<\/a><\/p>\r\n<\/td>\r\n<\/tr>\r\n<tr>\r\n<td style=\"width: 100%;\">\r\n<p><img loading=\"lazy\" decoding=\"async\" class=\"alignnone  wp-image-1557\" src=\"https:\/\/qmade.usal.es\/wp-content\/uploads\/sites\/36\/2024\/03\/Namrata-214x300.png\" alt=\"\" width=\"176\" height=\"247\" srcset=\"https:\/\/qmade.usal.es\/wp-content\/uploads\/sites\/36\/2024\/03\/Namrata-214x300.png 214w, https:\/\/qmade.usal.es\/wp-content\/uploads\/sites\/36\/2024\/03\/Namrata-731x1024.png 731w, https:\/\/qmade.usal.es\/wp-content\/uploads\/sites\/36\/2024\/03\/Namrata-768x1075.png 768w, https:\/\/qmade.usal.es\/wp-content\/uploads\/sites\/36\/2024\/03\/Namrata-1097x1536.png 1097w, https:\/\/qmade.usal.es\/wp-content\/uploads\/sites\/36\/2024\/03\/Namrata-1200x1680.png 1200w, https:\/\/qmade.usal.es\/wp-content\/uploads\/sites\/36\/2024\/03\/Namrata.png 1417w\" sizes=\"auto, (max-width: 176px) 85vw, 176px\" \/> \u00a0 \u00a0 \u00a0 \u00a0 \u00a0 \u00a0 \u00a0 \u00a0 \u00a0 \u00a0 \u00a0 \u00a0 \u00a0 \u00a0 \u00a0 \u00a0 \u00a0 \u00a0 \u00a0 \u00a0 \u00a0 \u00a0 \u00a0 \u00a0 Namrata Saha\u00a0 \u00a0 \u00a0 \u00a0<a href=\"mailto:saha.namrata@usal.es\">saha.namrata@usal.es<\/a>\u00a0<\/p>\r\n<\/td>\r\n<\/tr>\r\n<tr>\r\n<td style=\"width: 100%;\">\r\n<p><img loading=\"lazy\" decoding=\"async\" class=\"alignnone  wp-image-1554\" src=\"https:\/\/qmade.usal.es\/wp-content\/uploads\/sites\/36\/2024\/03\/Sahil-214x300.png\" alt=\"\" width=\"175\" height=\"245\" srcset=\"https:\/\/qmade.usal.es\/wp-content\/uploads\/sites\/36\/2024\/03\/Sahil-214x300.png 214w, https:\/\/qmade.usal.es\/wp-content\/uploads\/sites\/36\/2024\/03\/Sahil-731x1024.png 731w, https:\/\/qmade.usal.es\/wp-content\/uploads\/sites\/36\/2024\/03\/Sahil-768x1075.png 768w, https:\/\/qmade.usal.es\/wp-content\/uploads\/sites\/36\/2024\/03\/Sahil-1097x1536.png 1097w, https:\/\/qmade.usal.es\/wp-content\/uploads\/sites\/36\/2024\/03\/Sahil-1200x1680.png 1200w, https:\/\/qmade.usal.es\/wp-content\/uploads\/sites\/36\/2024\/03\/Sahil.png 1417w\" sizes=\"auto, (max-width: 175px) 85vw, 175px\" \/>\u00a0 \u00a0 \u00a0 \u00a0 \u00a0 \u00a0 \u00a0 \u00a0 \u00a0 \u00a0 \u00a0 \u00a0 \u00a0 \u00a0 \u00a0 \u00a0 \u00a0 \u00a0 \u00a0 \u00a0 \u00a0 \u00a0 \u00a0 \u00a0 Sahil Parvez\u00a0 \u00a0 \u00a0 \u00a0 <a href=\"sahil.parvez@usal.es\">sahil.parvez@usal.es<\/a><\/p>\r\n<\/td>\r\n<\/tr>\r\n<tr>\r\n<td style=\"width: 100%;\"><img loading=\"lazy\" decoding=\"async\" class=\"alignnone  wp-image-1696\" src=\"https:\/\/qmade.usal.es\/wp-content\/uploads\/sites\/36\/2025\/12\/DavidH-214x300.jpg\" alt=\"\" width=\"174\" height=\"244\" srcset=\"https:\/\/qmade.usal.es\/wp-content\/uploads\/sites\/36\/2025\/12\/DavidH-214x300.jpg 214w, https:\/\/qmade.usal.es\/wp-content\/uploads\/sites\/36\/2025\/12\/DavidH-731x1024.jpg 731w, https:\/\/qmade.usal.es\/wp-content\/uploads\/sites\/36\/2025\/12\/DavidH-768x1075.jpg 768w, https:\/\/qmade.usal.es\/wp-content\/uploads\/sites\/36\/2025\/12\/DavidH-1097x1536.jpg 1097w, https:\/\/qmade.usal.es\/wp-content\/uploads\/sites\/36\/2025\/12\/DavidH-1200x1680.jpg 1200w, https:\/\/qmade.usal.es\/wp-content\/uploads\/sites\/36\/2025\/12\/DavidH.jpg 1417w\" sizes=\"auto, (max-width: 174px) 85vw, 174px\" \/>\u00a0 \u00a0 \u00a0 \u00a0 \u00a0 \u00a0 \u00a0 \u00a0 \u00a0 \u00a0 \u00a0 \u00a0 \u00a0 \u00a0 \u00a0 \u00a0 \u00a0 \u00a0 \u00a0 \u00a0 \u00a0 \u00a0 \u00a0 \u00a0 David Hervalejo\u00a0 \u00a0 \u00a0 \u00a0<a href=\"mailto:davidhersan@usal.es\">davidhersan@usal.es<\/a><\/td>\r\n<\/tr>\r\n<\/tbody>\r\n<\/table>\r\n<div>\u00a0<\/div>\r\n<div>\r\n<table style=\"border-collapse: collapse; width: 100%;\">\r\n<tbody>\r\n<tr>\r\n<td style=\"width: 100%;\">\r\n<h4 class=\"wp-block-heading\"><strong>RESEARCH ASSISTANTS:<\/strong><\/h4>\r\n<p><img loading=\"lazy\" decoding=\"async\" class=\"alignnone  wp-image-1670\" src=\"https:\/\/qmade.usal.es\/wp-content\/uploads\/sites\/36\/2025\/12\/marcel-225x300.jpg\" alt=\"\" width=\"177\" height=\"236\" srcset=\"https:\/\/qmade.usal.es\/wp-content\/uploads\/sites\/36\/2025\/12\/marcel-225x300.jpg 225w, https:\/\/qmade.usal.es\/wp-content\/uploads\/sites\/36\/2025\/12\/marcel-766x1024.jpg 766w, https:\/\/qmade.usal.es\/wp-content\/uploads\/sites\/36\/2025\/12\/marcel-768x1026.jpg 768w, https:\/\/qmade.usal.es\/wp-content\/uploads\/sites\/36\/2025\/12\/marcel-1150x1536.jpg 1150w, https:\/\/qmade.usal.es\/wp-content\/uploads\/sites\/36\/2025\/12\/marcel-1533x2048.jpg 1533w, https:\/\/qmade.usal.es\/wp-content\/uploads\/sites\/36\/2025\/12\/marcel-1200x1603.jpg 1200w, https:\/\/qmade.usal.es\/wp-content\/uploads\/sites\/36\/2025\/12\/marcel-scaled.jpg 1916w\" sizes=\"auto, (max-width: 177px) 85vw, 177px\" \/>\u00a0 \u00a0 \u00a0 \u00a0 \u00a0 \u00a0 \u00a0 \u00a0 \u00a0 \u00a0 \u00a0 \u00a0 \u00a0 \u00a0 \u00a0 \u00a0 \u00a0 \u00a0 \u00a0 \u00a0 \u00a0 \u00a0 \u00a0 \u00a0Marcel Vicente \u00a0\u00a0 \u00a0\u00a0 \u00a0\u00a0 \u00a0\u00a0 \u00a0\u00a0 <a href=\"mailto:marcelvimu@usal.es\">marcelvimu@usal.es<\/a><\/p>\r\n<\/td>\r\n<\/tr>\r\n<\/tbody>\r\n<\/table>\r\n<\/div>\r\n<p>&nbsp;<\/p>\r\n<table style=\"border-collapse: collapse; width: 100%;\">\r\n<tbody>\r\n<tr>\r\n<td style=\"width: 100%;\">\r\n<h4 class=\"wp-block-heading\"><strong>MAIN SCIENTIFIC COLLABORATORS:<\/strong><\/h4>\r\n<\/td>\r\n<\/tr>\r\n<tr>\r\n<td style=\"width: 100%;\"><a href=\"https:\/\/produccioncientifica.usal.es\/investigadores\/329011\/detalle\">Juan Antonio Delgado<\/a>\u00a0 \u00a0 \u00a0 \u00a0 \u00a0 \u00a0 \u00a0\u00a0<\/td>\r\n<\/tr>\r\n<tr>\r\n<td style=\"width: 100%;\"><a href=\"https:\/\/produccioncientifica.usal.es\/investigadores\/157290\/detalle\">David L\u00f3pez<\/a>\u00a0<\/td>\r\n<\/tr>\r\n<\/tbody>\r\n<\/table>\r\n\r\n<h4 class=\"wp-block-heading\"><strong>FORMER MEMBERS:<\/strong><\/h4>\r\n<div class=\"wp-block-columns\">\r\n<div>\r\n<table style=\"border-collapse: collapse; width: 100%;\">\r\n<tbody>\r\n<tr>\r\n<td style=\"width: 100%;\">David Barrios (Research Assistant) &#8211; Now Embedded Engineer @ Plexus Tech<\/td>\r\n<\/tr>\r\n<tr>\r\n<td style=\"width: 100%;\">Gioele Garc\u00eda (Research Assistant) &#8211; Now PhD student @ Universidad de Valencia<\/td>\r\n<\/tr>\r\n<tr>\r\n<td style=\"width: 100%;\">Sof\u00eda L\u00f3pez (Undergraduate Student) &#8211; Now Materials Engineer @ CEDRI\u00d3N<\/td>\r\n<\/tr>\r\n<\/tbody>\r\n<\/table>\r\n<\/div>\r\n<\/div>","protected":false},"excerpt":{"rendered":"<p>\u00a0 PRINCIPAL INVESTIGATOR: \u00a0 \u00a0 \u00a0 \u00a0 \u00a0 \u00a0 \u00a0 \u00a0 \u00a0 \u00a0 \u00a0 \u00a0 \u00a0 \u00a0 \u00a0 \u00a0 \u00a0 \u00a0 \u00a0 \u00a0 \u00a0 \u00a0 \u00a0 \u00a0 \u00a0 Jos\u00e9 M. Caridad\u00a0 \u00a0 \u00a0 jose.caridad@usal.es &nbsp; POSTDOCTORAL RESEARCHERS: \u00a0 \u00a0 \u00a0 \u00a0 \u00a0 \u00a0 \u00a0 \u00a0 \u00a0 \u00a0 \u00a0 \u00a0 \u00a0 \u00a0 \u00a0 \u00a0 \u00a0 \u00a0 &hellip; <a href=\"https:\/\/qmade.usal.es\/?page_id=1119\" class=\"more-link\">Continuar leyendo<span class=\"screen-reader-text\"> \u00ab<!-- People -->\u00ab<\/span><\/a><\/p>\n","protected":false},"author":140,"featured_media":0,"parent":0,"menu_order":0,"comment_status":"closed","ping_status":"closed","template":"","meta":{"footnotes":""},"class_list":["post-1119","page","type-page","status-publish","hentry"],"aioseo_notices":[],"_links":{"self":[{"href":"https:\/\/qmade.usal.es\/index.php?rest_route=\/wp\/v2\/pages\/1119","targetHints":{"allow":["GET"]}}],"collection":[{"href":"https:\/\/qmade.usal.es\/index.php?rest_route=\/wp\/v2\/pages"}],"about":[{"href":"https:\/\/qmade.usal.es\/index.php?rest_route=\/wp\/v2\/types\/page"}],"author":[{"embeddable":true,"href":"https:\/\/qmade.usal.es\/index.php?rest_route=\/wp\/v2\/users\/140"}],"replies":[{"embeddable":true,"href":"https:\/\/qmade.usal.es\/index.php?rest_route=%2Fwp%2Fv2%2Fcomments&post=1119"}],"version-history":[{"count":81,"href":"https:\/\/qmade.usal.es\/index.php?rest_route=\/wp\/v2\/pages\/1119\/revisions"}],"predecessor-version":[{"id":1700,"href":"https:\/\/qmade.usal.es\/index.php?rest_route=\/wp\/v2\/pages\/1119\/revisions\/1700"}],"wp:attachment":[{"href":"https:\/\/qmade.usal.es\/index.php?rest_route=%2Fwp%2Fv2%2Fmedia&parent=1119"}],"curies":[{"name":"wp","href":"https:\/\/api.w.org\/{rel}","templated":true}]}}